{"id":12723,"date":"2024-05-22T17:56:43","date_gmt":"2024-05-22T20:56:43","guid":{"rendered":"https:\/\/editoraatos.com.br\/?post_type=product&#038;p=12723"},"modified":"2026-04-14T19:43:06","modified_gmt":"2026-04-14T22:43:06","slug":"interagindo-entre-linhas-volume-5","status":"publish","type":"product","link":"https:\/\/editoraatos.com.br\/index.php\/product\/interagindo-entre-linhas-volume-5\/","title":{"rendered":"Interagindo entre Linhas &#8211; Volume 5"},"content":{"rendered":"<p>Continue a jornada liter\u00e1ria com &#8220;Interagindo entre Linhas &#8211; Volume 5&#8221;. Este livro oferece uma sele\u00e7\u00e3o rica de textos e exerc\u00edcios projetados para desenvolver as habilidades de leitura e escrita dos alunos. Perfeito para manter os jovens leitores engajados e inspirados.<\/p>\n","protected":false},"excerpt":{"rendered":"<p><strong>Interagindo entre Linhas &#8211; Volume 5<\/strong> Continue a jornada liter\u00e1ria com &#8220;Interagindo entre Linhas &#8211; Volume 5&#8221;. Este livro oferece uma sele\u00e7\u00e3o rica de textos e exerc\u00edcios projetados para desenvolver as habilidades de leitura e escrita dos alunos. Perfeito para manter os jovens leitores engajados e inspirados.<\/p>\n","protected":false},"featured_media":12721,"comment_status":"open","ping_status":"closed","template":"","meta":{"inline_featured_image":false},"product_cat":[36],"product_tag":[],"_links":{"self":[{"href":"https:\/\/editoraatos.com.br\/index.php\/wp-json\/wp\/v2\/product\/12723"}],"collection":[{"href":"https:\/\/editoraatos.com.br\/index.php\/wp-json\/wp\/v2\/product"}],"about":[{"href":"https:\/\/editoraatos.com.br\/index.php\/wp-json\/wp\/v2\/types\/product"}],"replies":[{"embeddable":true,"href":"https:\/\/editoraatos.com.br\/index.php\/wp-json\/wp\/v2\/comments?post=12723"}],"wp:featuredmedia":[{"embeddable":true,"href":"https:\/\/editoraatos.com.br\/index.php\/wp-json\/wp\/v2\/media\/12721"}],"wp:attachment":[{"href":"https:\/\/editoraatos.com.br\/index.php\/wp-json\/wp\/v2\/media?parent=12723"}],"wp:term":[{"taxonomy":"product_cat","embeddable":true,"href":"https:\/\/editoraatos.com.br\/index.php\/wp-json\/wp\/v2\/product_cat?post=12723"},{"taxonomy":"product_tag","embeddable":true,"href":"https:\/\/editoraatos.com.br\/index.php\/wp-json\/wp\/v2\/product_tag?post=12723"}],"curies":[{"name":"wp","href":"https:\/\/api.w.org\/{rel}","templated":true}]}}