{"id":12724,"date":"2024-05-22T17:58:07","date_gmt":"2024-05-22T20:58:07","guid":{"rendered":"https:\/\/editoraatos.com.br\/?post_type=product&#038;p=12724"},"modified":"2026-04-14T22:55:05","modified_gmt":"2026-04-15T01:55:05","slug":"interagindo-entre-linhas-volume-interagindo-entre-linhas-level-2-kit","status":"publish","type":"product","link":"https:\/\/editoraatos.com.br\/index.php\/product\/interagindo-entre-linhas-volume-interagindo-entre-linhas-level-2-kit\/","title":{"rendered":"Interagindo entre Linhas &#8211; Level 2"},"content":{"rendered":"<p>Explore novas dimens\u00f5es do aprendizado com o &#8220;Interagindo entre Linhas &#8211; Level 2&#8221;. Este kit educativo inclui uma variedade de recursos did\u00e1ticos que tornam o estudo mais din\u00e2mico e envolvente. Ideal para salas de aula e aprendizado em casa, com atividades que v\u00e3o al\u00e9m do livro tradicional.<\/p>\n","protected":false},"excerpt":{"rendered":"<p><strong>Interagindo entre Linhas &#8211; Level 2 (Kit)<\/strong> Explore novas dimens\u00f5es do aprendizado com o &#8220;Interagindo entre Linhas &#8211; Level 2&#8221;. Este kit educativo inclui uma variedade de recursos did\u00e1ticos que tornam o estudo mais din\u00e2mico e envolvente. Ideal para salas de aula e aprendizado em casa, com atividades que v\u00e3o al\u00e9m do livro tradicional.<\/p>\n","protected":false},"featured_media":12722,"comment_status":"open","ping_status":"closed","template":"","meta":{"inline_featured_image":false},"product_cat":[36],"product_tag":[],"_links":{"self":[{"href":"https:\/\/editoraatos.com.br\/index.php\/wp-json\/wp\/v2\/product\/12724"}],"collection":[{"href":"https:\/\/editoraatos.com.br\/index.php\/wp-json\/wp\/v2\/product"}],"about":[{"href":"https:\/\/editoraatos.com.br\/index.php\/wp-json\/wp\/v2\/types\/product"}],"replies":[{"embeddable":true,"href":"https:\/\/editoraatos.com.br\/index.php\/wp-json\/wp\/v2\/comments?post=12724"}],"wp:featuredmedia":[{"embeddable":true,"href":"https:\/\/editoraatos.com.br\/index.php\/wp-json\/wp\/v2\/media\/12722"}],"wp:attachment":[{"href":"https:\/\/editoraatos.com.br\/index.php\/wp-json\/wp\/v2\/media?parent=12724"}],"wp:term":[{"taxonomy":"product_cat","embeddable":true,"href":"https:\/\/editoraatos.com.br\/index.php\/wp-json\/wp\/v2\/product_cat?post=12724"},{"taxonomy":"product_tag","embeddable":true,"href":"https:\/\/editoraatos.com.br\/index.php\/wp-json\/wp\/v2\/product_tag?post=12724"}],"curies":[{"name":"wp","href":"https:\/\/api.w.org\/{rel}","templated":true}]}}