{"id":12725,"date":"2024-05-22T17:59:55","date_gmt":"2024-05-22T20:59:55","guid":{"rendered":"https:\/\/editoraatos.com.br\/?post_type=product&#038;p=12725"},"modified":"2026-04-14T22:51:48","modified_gmt":"2026-04-15T01:51:48","slug":"minhas-producoes-volume-2-e-book","status":"publish","type":"product","link":"https:\/\/editoraatos.com.br\/index.php\/product\/minhas-producoes-volume-2-e-book\/","title":{"rendered":"Minhas Produ\u00e7\u00f5es &#8211; Volume 2 (E-book)"},"content":{"rendered":"<p>Professor, escolha o conte\u00fado de hoje com o e-book &#8220;Minhas Produ\u00e7\u00f5es &#8211; Volume 2&#8221;. Perfeito para incentivar a criatividade e a escrita dos alunos, este material interativo oferece atividades divertidas e educativas para o ensino fundamental. Dispon\u00edvel para download imediato.<\/p>\n","protected":false},"excerpt":{"rendered":"<p><strong>Minhas Produ\u00e7\u00f5es &#8211; Volume 2 (E-book)<\/strong> Professor, escolha o conte\u00fado de hoje com o e-book &#8220;Minhas Produ\u00e7\u00f5es &#8211; Volume 2&#8221;. Perfeito para incentivar a criatividade e a escrita dos alunos, este material interativo oferece atividades divertidas e educativas para o ensino fundamental. Dispon\u00edvel para download imediato.<\/p>\n","protected":false},"featured_media":12719,"comment_status":"open","ping_status":"closed","template":"","meta":{"inline_featured_image":false},"product_cat":[70],"product_tag":[],"_links":{"self":[{"href":"https:\/\/editoraatos.com.br\/index.php\/wp-json\/wp\/v2\/product\/12725"}],"collection":[{"href":"https:\/\/editoraatos.com.br\/index.php\/wp-json\/wp\/v2\/product"}],"about":[{"href":"https:\/\/editoraatos.com.br\/index.php\/wp-json\/wp\/v2\/types\/product"}],"replies":[{"embeddable":true,"href":"https:\/\/editoraatos.com.br\/index.php\/wp-json\/wp\/v2\/comments?post=12725"}],"wp:featuredmedia":[{"embeddable":true,"href":"https:\/\/editoraatos.com.br\/index.php\/wp-json\/wp\/v2\/media\/12719"}],"wp:attachment":[{"href":"https:\/\/editoraatos.com.br\/index.php\/wp-json\/wp\/v2\/media?parent=12725"}],"wp:term":[{"taxonomy":"product_cat","embeddable":true,"href":"https:\/\/editoraatos.com.br\/index.php\/wp-json\/wp\/v2\/product_cat?post=12725"},{"taxonomy":"product_tag","embeddable":true,"href":"https:\/\/editoraatos.com.br\/index.php\/wp-json\/wp\/v2\/product_tag?post=12725"}],"curies":[{"name":"wp","href":"https:\/\/api.w.org\/{rel}","templated":true}]}}