{"id":12726,"date":"2024-05-22T18:08:14","date_gmt":"2024-05-22T21:08:14","guid":{"rendered":"https:\/\/editoraatos.com.br\/?post_type=product&#038;p=12726"},"modified":"2025-05-22T00:06:18","modified_gmt":"2025-05-22T03:06:18","slug":"ecobag-educativa","status":"publish","type":"product","link":"https:\/\/editoraatos.com.br\/index.php\/product\/ecobag-educativa\/","title":{"rendered":"Ecobag Educativa"},"content":{"rendered":"<p>Carregue seus materiais escolares e livros com estilo e consci\u00eancia ambiental com a nossa Ecobag Educativa. Feita de materiais sustent\u00e1veis, esta bolsa resistente \u00e9 perfeita para professores e alunos que desejam uma alternativa ecol\u00f3gica \u00e0s sacolas pl\u00e1sticas. Com design exclusivo da Editora Atos, ela \u00e9 pr\u00e1tica e elegante.<\/p>\n","protected":false},"excerpt":{"rendered":"<p><strong>Ecobag Educativa<\/strong> Carregue seus materiais escolares e livros com estilo e consci\u00eancia ambiental com a nossa Ecobag Educativa. Feita de materiais sustent\u00e1veis, esta bolsa resistente \u00e9 perfeita para professores e alunos que desejam uma alternativa ecol\u00f3gica \u00e0s sacolas pl\u00e1sticas. Com design exclusivo da Editora Atos, ela \u00e9 pr\u00e1tica e elegante.<\/p>\n","protected":false},"featured_media":12728,"comment_status":"open","ping_status":"closed","template":"","meta":{"inline_featured_image":false},"product_cat":[86],"product_tag":[],"_links":{"self":[{"href":"https:\/\/editoraatos.com.br\/index.php\/wp-json\/wp\/v2\/product\/12726"}],"collection":[{"href":"https:\/\/editoraatos.com.br\/index.php\/wp-json\/wp\/v2\/product"}],"about":[{"href":"https:\/\/editoraatos.com.br\/index.php\/wp-json\/wp\/v2\/types\/product"}],"replies":[{"embeddable":true,"href":"https:\/\/editoraatos.com.br\/index.php\/wp-json\/wp\/v2\/comments?post=12726"}],"wp:featuredmedia":[{"embeddable":true,"href":"https:\/\/editoraatos.com.br\/index.php\/wp-json\/wp\/v2\/media\/12728"}],"wp:attachment":[{"href":"https:\/\/editoraatos.com.br\/index.php\/wp-json\/wp\/v2\/media?parent=12726"}],"wp:term":[{"taxonomy":"product_cat","embeddable":true,"href":"https:\/\/editoraatos.com.br\/index.php\/wp-json\/wp\/v2\/product_cat?post=12726"},{"taxonomy":"product_tag","embeddable":true,"href":"https:\/\/editoraatos.com.br\/index.php\/wp-json\/wp\/v2\/product_tag?post=12726"}],"curies":[{"name":"wp","href":"https:\/\/api.w.org\/{rel}","templated":true}]}}