{"id":12731,"date":"2024-05-22T18:14:17","date_gmt":"2024-05-22T21:14:17","guid":{"rendered":"https:\/\/editoraatos.com.br\/?post_type=product&#038;p=12731"},"modified":"2026-04-14T22:28:38","modified_gmt":"2026-04-15T01:28:38","slug":"pin-exclusivo-atos","status":"publish","type":"product","link":"https:\/\/editoraatos.com.br\/index.php\/product\/pin-exclusivo-atos\/","title":{"rendered":"Pin Exclusivo Atos"},"content":{"rendered":"<p>Mostre seu amor pela leitura e pela Editora Atos com nosso Pin Exclusivo. Este acess\u00f3rio charmoso \u00e9 perfeito para decorar mochilas, jaquetas e estojos. Feito com materiais de alta qualidade, o pin \u00e9 uma maneira simples e elegante de demonstrar sua paix\u00e3o pelos livros e pela educa\u00e7\u00e3o.<\/p>\n","protected":false},"excerpt":{"rendered":"<p><strong>Pin Exclusivo Atos<\/strong> Mostre seu amor pela leitura e pela Editora Atos com nosso Pin Exclusivo. Este acess\u00f3rio charmoso \u00e9 perfeito para decorar mochilas, jaquetas e estojos. Feito com materiais de alta qualidade, o pin \u00e9 uma maneira simples e elegante de demonstrar sua paix\u00e3o pelos livros e pela educa\u00e7\u00e3o.<\/p>\n","protected":false},"featured_media":12729,"comment_status":"open","ping_status":"closed","template":"","meta":{"inline_featured_image":false},"product_cat":[87],"product_tag":[],"_links":{"self":[{"href":"https:\/\/editoraatos.com.br\/index.php\/wp-json\/wp\/v2\/product\/12731"}],"collection":[{"href":"https:\/\/editoraatos.com.br\/index.php\/wp-json\/wp\/v2\/product"}],"about":[{"href":"https:\/\/editoraatos.com.br\/index.php\/wp-json\/wp\/v2\/types\/product"}],"replies":[{"embeddable":true,"href":"https:\/\/editoraatos.com.br\/index.php\/wp-json\/wp\/v2\/comments?post=12731"}],"wp:featuredmedia":[{"embeddable":true,"href":"https:\/\/editoraatos.com.br\/index.php\/wp-json\/wp\/v2\/media\/12729"}],"wp:attachment":[{"href":"https:\/\/editoraatos.com.br\/index.php\/wp-json\/wp\/v2\/media?parent=12731"}],"wp:term":[{"taxonomy":"product_cat","embeddable":true,"href":"https:\/\/editoraatos.com.br\/index.php\/wp-json\/wp\/v2\/product_cat?post=12731"},{"taxonomy":"product_tag","embeddable":true,"href":"https:\/\/editoraatos.com.br\/index.php\/wp-json\/wp\/v2\/product_tag?post=12731"}],"curies":[{"name":"wp","href":"https:\/\/api.w.org\/{rel}","templated":true}]}}